{"id":19,"date":"2011-08-04T19:36:24","date_gmt":"2011-08-04T19:36:24","guid":{"rendered":"http:\/\/www.tanzraum-mieten.de\/?page_id=19"},"modified":"2021-10-15T09:28:59","modified_gmt":"2021-10-15T09:28:59","slug":"raume","status":"publish","type":"page","link":"https:\/\/www.tanzraum-mieten.de\/?page_id=19","title":{"rendered":"<strong>R\u00c4UME<\/strong>"},"content":{"rendered":"<p><span style=\"color: #000000;\"><b>MIETEN SIE UNSERE R\u00c4UMLICHKEITEN!!!<\/b><\/span><\/p>\n<p><span style=\"color: #000000;\">Sind Sie auf der Suche nach passenden R\u00e4umlichkeiten f\u00fcr z.B. Kurse, Workshops, Veranstaltungen etc.? Dann sind Sie hier genau richtig!<\/span><\/p>\n<p><span style=\"color: #000000;\"><b>Gesamtfl\u00e4che:<\/b> 388 qm<\/span><br \/>\n<span style=\"color: #000000;\"><b>Tanzraum 01:<\/b> 140 qm<\/span><br \/>\n<span style=\"color: #000000;\"><b>Tanzraum 02:<\/b> 80 qm<\/span><br \/>\n<span style=\"color: #000000;\"><b>Lounge:<\/b> 40 qm<\/span><\/p>\n<p><span style=\"color: #000000;\"><b><i>2 Herren u. Damen WC\u2019s<\/i><\/b><\/span><\/p>\n<p><span style=\"color: #000000;\"><b><i>2 Umkleider\u00e4ume mit Duschen<\/i><\/b><\/span><\/p>\n<p><span style=\"color: #000000;\"><b>Ausstattung der beiden Tanzr\u00e4ume:<\/b> Spiegelwand, hochwertige Aktivboxen von Yamaha, Verst\u00e4rker, Mischpult, CD Player, Echt Holz Parkettboden<\/span><\/p>\n<p><span style=\"color: #000000;\">Vereinbaren Sie heute noch einen Besichtigungstermin!!!<\/span><\/p>\n<div id='gallery-1' class='gallery galleryid-19 gallery-columns-3 gallery-size-thumbnail'><figure class='gallery-item'>\n\t\t\t<div class='gallery-icon landscape'>\n\t\t\t\t<a href='https:\/\/www.tanzraum-mieten.de\/?attachment_id=124'><img loading=\"lazy\" decoding=\"async\" width=\"150\" height=\"150\" src=\"https:\/\/www.tanzraum-mieten.de\/wordpress\/wp-content\/uploads\/2019\/01\/Tanzraum-01-150x150.jpeg\" class=\"attachment-thumbnail size-thumbnail\" alt=\"\" aria-describedby=\"gallery-1-124\" \/><\/a>\n\t\t\t<\/div>\n\t\t\t\t<figcaption class='wp-caption-text gallery-caption' id='gallery-1-124'>\n\t\t\t\tTanzraum 01 (144 qm)\n\t\t\t\t<\/figcaption><\/figure><figure class='gallery-item'>\n\t\t\t<div class='gallery-icon landscape'>\n\t\t\t\t<a href='https:\/\/www.tanzraum-mieten.de\/?attachment_id=125'><img loading=\"lazy\" decoding=\"async\" width=\"150\" height=\"150\" src=\"https:\/\/www.tanzraum-mieten.de\/wordpress\/wp-content\/uploads\/2019\/01\/Tanuraum-02-150x150.jpeg\" class=\"attachment-thumbnail size-thumbnail\" alt=\"\" aria-describedby=\"gallery-1-125\" \/><\/a>\n\t\t\t<\/div>\n\t\t\t\t<figcaption class='wp-caption-text gallery-caption' id='gallery-1-125'>\n\t\t\t\tTanzraum 02 (80qm)\n\t\t\t\t<\/figcaption><\/figure><figure class='gallery-item'>\n\t\t\t<div class='gallery-icon landscape'>\n\t\t\t\t<a href='https:\/\/www.tanzraum-mieten.de\/?attachment_id=116'><img loading=\"lazy\" decoding=\"async\" width=\"150\" height=\"150\" src=\"https:\/\/www.tanzraum-mieten.de\/wordpress\/wp-content\/uploads\/2018\/10\/Foyer-1-150x150.jpg\" class=\"attachment-thumbnail size-thumbnail\" alt=\"\" aria-describedby=\"gallery-1-116\" \/><\/a>\n\t\t\t<\/div>\n\t\t\t\t<figcaption class='wp-caption-text gallery-caption' id='gallery-1-116'>\n\t\t\t\tFoyer 1\n\t\t\t\t<\/figcaption><\/figure><figure class='gallery-item'>\n\t\t\t<div class='gallery-icon landscape'>\n\t\t\t\t<a href='https:\/\/www.tanzraum-mieten.de\/?attachment_id=117'><img loading=\"lazy\" decoding=\"async\" width=\"150\" height=\"150\" src=\"https:\/\/www.tanzraum-mieten.de\/wordpress\/wp-content\/uploads\/2018\/10\/Foyer-2-150x150.jpg\" class=\"attachment-thumbnail size-thumbnail\" alt=\"\" aria-describedby=\"gallery-1-117\" \/><\/a>\n\t\t\t<\/div>\n\t\t\t\t<figcaption class='wp-caption-text gallery-caption' id='gallery-1-117'>\n\t\t\t\tFoyer 2\n\t\t\t\t<\/figcaption><\/figure><figure class='gallery-item'>\n\t\t\t<div class='gallery-icon landscape'>\n\t\t\t\t<a href='https:\/\/www.tanzraum-mieten.de\/?attachment_id=115'><img loading=\"lazy\" decoding=\"async\" width=\"150\" height=\"150\" src=\"https:\/\/www.tanzraum-mieten.de\/wordpress\/wp-content\/uploads\/2018\/10\/Damenumkleide-150x150.jpg\" class=\"attachment-thumbnail size-thumbnail\" alt=\"\" aria-describedby=\"gallery-1-115\" \/><\/a>\n\t\t\t<\/div>\n\t\t\t\t<figcaption class='wp-caption-text gallery-caption' id='gallery-1-115'>\n\t\t\t\tDamenumkleide\n\t\t\t\t<\/figcaption><\/figure><figure class='gallery-item'>\n\t\t\t<div class='gallery-icon portrait'>\n\t\t\t\t<a href='https:\/\/www.tanzraum-mieten.de\/?attachment_id=114'><img loading=\"lazy\" decoding=\"async\" width=\"150\" height=\"150\" src=\"https:\/\/www.tanzraum-mieten.de\/wordpress\/wp-content\/uploads\/2018\/10\/Damendusche-150x150.jpg\" class=\"attachment-thumbnail size-thumbnail\" alt=\"\" aria-describedby=\"gallery-1-114\" \/><\/a>\n\t\t\t<\/div>\n\t\t\t\t<figcaption class='wp-caption-text gallery-caption' id='gallery-1-114'>\n\t\t\t\tDamendusche\n\t\t\t\t<\/figcaption><\/figure><figure class='gallery-item'>\n\t\t\t<div class='gallery-icon landscape'>\n\t\t\t\t<a href='https:\/\/www.tanzraum-mieten.de\/?attachment_id=127'><img loading=\"lazy\" decoding=\"async\" width=\"150\" height=\"150\" src=\"https:\/\/www.tanzraum-mieten.de\/wordpress\/wp-content\/uploads\/2019\/01\/Webseite-1-150x150.jpeg\" class=\"attachment-thumbnail size-thumbnail\" alt=\"\" \/><\/a>\n\t\t\t<\/div><\/figure><figure class='gallery-item'>\n\t\t\t<div class='gallery-icon landscape'>\n\t\t\t\t<a href='https:\/\/www.tanzraum-mieten.de\/?attachment_id=128'><img loading=\"lazy\" decoding=\"async\" width=\"150\" height=\"150\" src=\"https:\/\/www.tanzraum-mieten.de\/wordpress\/wp-content\/uploads\/2019\/01\/Webseite-2-150x150.jpeg\" class=\"attachment-thumbnail size-thumbnail\" alt=\"\" \/><\/a>\n\t\t\t<\/div><\/figure>\n\t\t<\/div>\n\n","protected":false},"excerpt":{"rendered":"<p>MIETEN SIE UNSERE R\u00c4UMLICHKEITEN!!! Sind Sie auf der Suche nach passenden R\u00e4umlichkeiten f\u00fcr z.B. Kurse, Workshops, Veranstaltungen etc.? Dann sind Sie hier genau richtig! Gesamtfl\u00e4che: 388 qm Tanzraum 01: 140 qm Tanzraum 02: 80 qm Lounge: 40 qm 2 Herren&hellip; <\/p>\n","protected":false},"author":1,"featured_media":0,"parent":0,"menu_order":1,"comment_status":"closed","ping_status":"closed","template":"","meta":{"footnotes":""},"_links":{"self":[{"href":"https:\/\/www.tanzraum-mieten.de\/index.php?rest_route=\/wp\/v2\/pages\/19"}],"collection":[{"href":"https:\/\/www.tanzraum-mieten.de\/index.php?rest_route=\/wp\/v2\/pages"}],"about":[{"href":"https:\/\/www.tanzraum-mieten.de\/index.php?rest_route=\/wp\/v2\/types\/page"}],"author":[{"embeddable":true,"href":"https:\/\/www.tanzraum-mieten.de\/index.php?rest_route=\/wp\/v2\/users\/1"}],"replies":[{"embeddable":true,"href":"https:\/\/www.tanzraum-mieten.de\/index.php?rest_route=%2Fwp%2Fv2%2Fcomments&post=19"}],"version-history":[{"count":18,"href":"https:\/\/www.tanzraum-mieten.de\/index.php?rest_route=\/wp\/v2\/pages\/19\/revisions"}],"predecessor-version":[{"id":137,"href":"https:\/\/www.tanzraum-mieten.de\/index.php?rest_route=\/wp\/v2\/pages\/19\/revisions\/137"}],"wp:attachment":[{"href":"https:\/\/www.tanzraum-mieten.de\/index.php?rest_route=%2Fwp%2Fv2%2Fmedia&parent=19"}],"curies":[{"name":"wp","href":"https:\/\/api.w.org\/{rel}","templated":true}]}}