{"id":29,"date":"2011-08-04T19:41:59","date_gmt":"2011-08-04T19:41:59","guid":{"rendered":"http:\/\/www.tanzraum-mieten.de\/?page_id=29"},"modified":"2025-08-06T10:11:32","modified_gmt":"2025-08-06T10:11:32","slug":"kosten","status":"publish","type":"page","link":"https:\/\/www.tanzraum-mieten.de\/?page_id=29","title":{"rendered":"<strong>KOSTEN<\/strong>"},"content":{"rendered":"<p><span style=\"color: #ff0000;\"><strong>MIETEN SIE UNSERE R\u00c4UMLICHKEITEN!!!<\/strong><\/span><\/p>\n<p><span style=\"color: #000000;\">Sind Sie auf der Suche nach passenden R\u00e4umlichkeiten f\u00fcr z.B. Kurse, Workshops, Veranstaltungen etc.? Dann sind Sie hier genau richtig!<\/span><\/p>\n<p><span style=\"color: #000000;\"><strong>Gesamtfl\u00e4che: 388 qm<br \/>\nTanzraum 01: 140 qm<br \/>\nTanzraum 02:\u00a0 80 qm<br \/>\nLounge: 40 qm<\/strong><\/span><\/p>\n<p><span style=\"color: #000000;\"><strong><i>2 Herren u. Damen WC\u2019s<\/i><br \/>\n<i>2 Umkleider\u00e4ume mit Duschen<\/i><\/strong><\/span><\/p>\n<p><span style=\"color: #000000;\"><strong>Ausstattung der beiden Tanzr\u00e4ume:<\/strong> Spiegelwand, hochwertige Aktivboxen von Yamaha, Verst\u00e4rker, Mischpult, CD Player, Echt Holz Parkettboden<\/span><\/p>\n<p><span style=\"color: #000000;\"><strong>Kosten:<\/strong><\/span><\/p>\n<p><span style=\"color: #000000;\"><strong>Tanzraum 01 (140 qm):<\/strong> 65,00 \u20ac Netto pro Stunde<\/span><br \/>\n<span style=\"color: #000000;\"><strong>Tanzraum 02 ( 80 qm):<\/strong> 50,00 \u20ac Netto pro Stunde<\/span><\/p>\n<p><span style=\"color: #ff0000;\"><em>*Mindestmietdauer 90 min<\/em><\/span><\/p>\n<p><span style=\"color: #000000;\"><strong>Alle Preise beinhalten:<\/strong><\/span><\/p>\n<ul>\n<li><span style=\"color: #000000;\">Nutzung der Musikanlage mit<strong> Anschluss f\u00fcr den Laptop\/Smartphone <\/strong>(<strong>auch CD-Player <\/strong>vorhanden)<\/span><\/li>\n<li><span style=\"color: #000000;\">Nutzung der Gemeinschaftsr\u00e4ume <strong>(Foyer, Umkleiden, Duschen und WC)<\/strong><\/span><\/li>\n<li><span style=\"color: #000000;\"><strong>Vorbereitungszeit vor und nach dem Unterricht <\/strong>(jeweils 15 min)<\/span><\/li>\n<\/ul>\n<p><span style=\"color: #ff0000;\"><strong>Bei\u00a0regelm\u00e4ssigen Buchungen ( mind. 4 Stunden pro Woche ) \u00a0geben wir einen Rabatt in H\u00f6he von 10%.<\/strong><\/span><\/p>\n","protected":false},"excerpt":{"rendered":"<p>MIETEN SIE UNSERE R\u00c4UMLICHKEITEN!!! Sind Sie auf der Suche nach passenden R\u00e4umlichkeiten f\u00fcr z.B. Kurse, Workshops, Veranstaltungen etc.? Dann sind Sie hier genau richtig! Gesamtfl\u00e4che: 388 qm Tanzraum 01: 140 qm Tanzraum 02:\u00a0 80 qm Lounge: 40 qm 2 Herren&hellip; <\/p>\n","protected":false},"author":1,"featured_media":0,"parent":0,"menu_order":2,"comment_status":"closed","ping_status":"closed","template":"","meta":{"footnotes":""},"_links":{"self":[{"href":"https:\/\/www.tanzraum-mieten.de\/index.php?rest_route=\/wp\/v2\/pages\/29"}],"collection":[{"href":"https:\/\/www.tanzraum-mieten.de\/index.php?rest_route=\/wp\/v2\/pages"}],"about":[{"href":"https:\/\/www.tanzraum-mieten.de\/index.php?rest_route=\/wp\/v2\/types\/page"}],"author":[{"embeddable":true,"href":"https:\/\/www.tanzraum-mieten.de\/index.php?rest_route=\/wp\/v2\/users\/1"}],"replies":[{"embeddable":true,"href":"https:\/\/www.tanzraum-mieten.de\/index.php?rest_route=%2Fwp%2Fv2%2Fcomments&post=29"}],"version-history":[{"count":24,"href":"https:\/\/www.tanzraum-mieten.de\/index.php?rest_route=\/wp\/v2\/pages\/29\/revisions"}],"predecessor-version":[{"id":146,"href":"https:\/\/www.tanzraum-mieten.de\/index.php?rest_route=\/wp\/v2\/pages\/29\/revisions\/146"}],"wp:attachment":[{"href":"https:\/\/www.tanzraum-mieten.de\/index.php?rest_route=%2Fwp%2Fv2%2Fmedia&parent=29"}],"curies":[{"name":"wp","href":"https:\/\/api.w.org\/{rel}","templated":true}]}}